{"id":688,"date":"2025-08-05T22:36:05","date_gmt":"2025-08-05T20:36:05","guid":{"rendered":"https:\/\/www.patissier79.fr\/?post_type=product&#038;p=688"},"modified":"2026-02-18T17:52:01","modified_gmt":"2026-02-18T16:52:01","slug":"nos-number-cake-gateau-en-forme-du-chiffre-de-votre-choix","status":"publish","type":"product","link":"https:\/\/www.patissier79.fr\/index.php\/produit\/nos-number-cake-gateau-en-forme-du-chiffre-de-votre-choix\/","title":{"rendered":"Number cake"},"content":{"rendered":"<p>Envie de marquer les esprits pour un anniversaire ou une occasion sp\u00e9ciale ?<br \/>\nD\u00e9couvrez notre collection unique de g\u00e2teaux en forme de chiffres, appel\u00e9s Number Cakes, r\u00e9alis\u00e9 sur mesure dans notre atelier \u00e0 Largeasse.<\/p>\n<p>Nous travaillons uniquement avec des produits frais et savoureux :  une base de sabl\u00e9 Breton, une ganache mont\u00e9e l\u00e9g\u00e8re et parfum\u00e9e, des fruits frais, du pralin\u00e9 maison, du chocolat haut de gamme&#8230;. pour un plaisir aussi visuel que gustatif.<\/p>\n<p>100 % personnalis\u00e9s :<br \/>\n* premi\u00e8re \u00e9tape choisissez le chiffre de votre choix ( ex : 1, 18, 30, 50&#8230;)<br \/>\n* Choisissez ensuite le parfum : vanille\/fruits rouges, chocolat pralin\u00e9, fruits exotique ou citron meringu\u00e9<br \/>\n* Et enfin le nombre de part d\u00e9sir\u00e9 <\/p>\n<p>Nos tarifs sont d\u00e9gr\u00e9ssifs en fonction du nombre de parts choissi (entre 3\u20ac35 la part et 4\u20ac00). <\/p>\n","protected":false},"excerpt":{"rendered":"<p>Envie de marquer les esprits pour un anniversaire ou une occasion sp\u00e9ciale ? D\u00e9couvrez notre collection unique de g\u00e2teaux en forme de chiffres, appel\u00e9s Number Cakes, r\u00e9alis\u00e9 sur mesure dans notre atelier \u00e0 Largeasse. Nous travaillons uniquement avec des produits frais et savoureux : une base de sabl\u00e9 Breton, une ganache mont\u00e9e l\u00e9g\u00e8re et parfum\u00e9e,&hellip; <br \/> <a class=\"read-more\" href=\"https:\/\/www.patissier79.fr\/index.php\/produit\/nos-number-cake-gateau-en-forme-du-chiffre-de-votre-choix\/\">Lire la suite<\/a><\/p>\n","protected":false},"featured_media":790,"template":"","meta":[],"product_brand":[],"product_cat":[34,33],"product_tag":[],"class_list":{"0":"post-688","1":"product","2":"type-product","3":"status-publish","4":"has-post-thumbnail","6":"product_cat-nos-gateaux-devenements","7":"product_cat-nos-entremets-et-patisseries-du-moment","8":"product_shipping_class-produit-fragile","10":"first","11":"instock","12":"taxable","13":"shipping-taxable","14":"purchasable","15":"product-type-variable"},"yoast_head":"<!-- This site is optimized with the Yoast SEO plugin v25.5 - https:\/\/yoast.com\/wordpress\/plugins\/seo\/ -->\n<title>Number cake - FAVRELIERE SYLVAIN P\u00e2tissier79<\/title>\n<meta name=\"robots\" content=\"index, follow, max-snippet:-1, max-image-preview:large, max-video-preview:-1\" \/>\n<link rel=\"canonical\" href=\"https:\/\/www.patissier79.fr\/index.php\/produit\/nos-number-cake-gateau-en-forme-du-chiffre-de-votre-choix\/\" \/>\n<meta property=\"og:locale\" content=\"fr_FR\" \/>\n<meta property=\"og:type\" content=\"article\" \/>\n<meta property=\"og:title\" content=\"Number cake - FAVRELIERE SYLVAIN P\u00e2tissier79\" \/>\n<meta property=\"og:description\" content=\"Envie de marquer les esprits pour un anniversaire ou une occasion sp\u00e9ciale ? D\u00e9couvrez notre collection unique de g\u00e2teaux en forme de chiffres, appel\u00e9s Number Cakes, r\u00e9alis\u00e9 sur mesure dans notre atelier \u00e0 Largeasse. Nous travaillons uniquement avec des produits frais et savoureux : une base de sabl\u00e9 Breton, une ganache mont\u00e9e l\u00e9g\u00e8re et parfum\u00e9e,&hellip; Lire la suite\" \/>\n<meta property=\"og:url\" content=\"https:\/\/www.patissier79.fr\/index.php\/produit\/nos-number-cake-gateau-en-forme-du-chiffre-de-votre-choix\/\" \/>\n<meta property=\"og:site_name\" content=\"FAVRELIERE SYLVAIN P\u00e2tissier79\" \/>\n<meta property=\"article:modified_time\" content=\"2026-02-18T16:52:01+00:00\" \/>\n<meta property=\"og:image\" content=\"https:\/\/www.patissier79.fr\/wp-content\/uploads\/2025\/08\/number-cake-sylvain-favreliere-scaled.jpg\" \/>\n\t<meta property=\"og:image:width\" content=\"2097\" \/>\n\t<meta property=\"og:image:height\" content=\"2560\" \/>\n\t<meta property=\"og:image:type\" content=\"image\/jpeg\" \/>\n<meta name=\"twitter:card\" content=\"summary_large_image\" \/>\n<meta name=\"twitter:label1\" content=\"Dur\u00e9e de lecture estim\u00e9e\" \/>\n\t<meta name=\"twitter:data1\" content=\"1 minute\" \/>\n<script type=\"application\/ld+json\" class=\"yoast-schema-graph\">{\"@context\":\"https:\/\/schema.org\",\"@graph\":[{\"@type\":\"WebPage\",\"@id\":\"https:\/\/www.patissier79.fr\/index.php\/produit\/nos-number-cake-gateau-en-forme-du-chiffre-de-votre-choix\/\",\"url\":\"https:\/\/www.patissier79.fr\/index.php\/produit\/nos-number-cake-gateau-en-forme-du-chiffre-de-votre-choix\/\",\"name\":\"Number cake - FAVRELIERE SYLVAIN P\u00e2tissier79\",\"isPartOf\":{\"@id\":\"https:\/\/www.patissier79.fr\/#website\"},\"primaryImageOfPage\":{\"@id\":\"https:\/\/www.patissier79.fr\/index.php\/produit\/nos-number-cake-gateau-en-forme-du-chiffre-de-votre-choix\/#primaryimage\"},\"image\":{\"@id\":\"https:\/\/www.patissier79.fr\/index.php\/produit\/nos-number-cake-gateau-en-forme-du-chiffre-de-votre-choix\/#primaryimage\"},\"thumbnailUrl\":\"https:\/\/www.patissier79.fr\/wp-content\/uploads\/2025\/08\/number-cake-sylvain-favreliere-scaled.jpg\",\"datePublished\":\"2025-08-05T20:36:05+00:00\",\"dateModified\":\"2026-02-18T16:52:01+00:00\",\"breadcrumb\":{\"@id\":\"https:\/\/www.patissier79.fr\/index.php\/produit\/nos-number-cake-gateau-en-forme-du-chiffre-de-votre-choix\/#breadcrumb\"},\"inLanguage\":\"fr-FR\",\"potentialAction\":[{\"@type\":\"ReadAction\",\"target\":[\"https:\/\/www.patissier79.fr\/index.php\/produit\/nos-number-cake-gateau-en-forme-du-chiffre-de-votre-choix\/\"]}]},{\"@type\":\"ImageObject\",\"inLanguage\":\"fr-FR\",\"@id\":\"https:\/\/www.patissier79.fr\/index.php\/produit\/nos-number-cake-gateau-en-forme-du-chiffre-de-votre-choix\/#primaryimage\",\"url\":\"https:\/\/www.patissier79.fr\/wp-content\/uploads\/2025\/08\/number-cake-sylvain-favreliere-scaled.jpg\",\"contentUrl\":\"https:\/\/www.patissier79.fr\/wp-content\/uploads\/2025\/08\/number-cake-sylvain-favreliere-scaled.jpg\",\"width\":2097,\"height\":2560},{\"@type\":\"BreadcrumbList\",\"@id\":\"https:\/\/www.patissier79.fr\/index.php\/produit\/nos-number-cake-gateau-en-forme-du-chiffre-de-votre-choix\/#breadcrumb\",\"itemListElement\":[{\"@type\":\"ListItem\",\"position\":1,\"name\":\"Accueil\",\"item\":\"https:\/\/www.patissier79.fr\/\"},{\"@type\":\"ListItem\",\"position\":2,\"name\":\"boutique\",\"item\":\"https:\/\/www.patissier79.fr\/index.php\/boutique\/\"},{\"@type\":\"ListItem\",\"position\":3,\"name\":\"Number cake\"}]},{\"@type\":\"WebSite\",\"@id\":\"https:\/\/www.patissier79.fr\/#website\",\"url\":\"https:\/\/www.patissier79.fr\/\",\"name\":\"www.patissier79.fr\",\"description\":\"La qualit\u00e9 au centre de nos priorit\u00e9s\",\"publisher\":{\"@id\":\"https:\/\/www.patissier79.fr\/#organization\"},\"potentialAction\":[{\"@type\":\"SearchAction\",\"target\":{\"@type\":\"EntryPoint\",\"urlTemplate\":\"https:\/\/www.patissier79.fr\/?s={search_term_string}\"},\"query-input\":{\"@type\":\"PropertyValueSpecification\",\"valueRequired\":true,\"valueName\":\"search_term_string\"}}],\"inLanguage\":\"fr-FR\"},{\"@type\":\"Organization\",\"@id\":\"https:\/\/www.patissier79.fr\/#organization\",\"name\":\"www.patissier79.fr\",\"url\":\"https:\/\/www.patissier79.fr\/\",\"logo\":{\"@type\":\"ImageObject\",\"inLanguage\":\"fr-FR\",\"@id\":\"https:\/\/www.patissier79.fr\/#\/schema\/logo\/image\/\",\"url\":\"https:\/\/www.patissier79.fr\/wp-content\/uploads\/2023\/04\/cropped-cropped-Favreliere-sylvain-patissier-logo-deux-sevres-2-e1680699364315.png\",\"contentUrl\":\"https:\/\/www.patissier79.fr\/wp-content\/uploads\/2023\/04\/cropped-cropped-Favreliere-sylvain-patissier-logo-deux-sevres-2-e1680699364315.png\",\"width\":89,\"height\":89,\"caption\":\"www.patissier79.fr\"},\"image\":{\"@id\":\"https:\/\/www.patissier79.fr\/#\/schema\/logo\/image\/\"}}]}<\/script>\n<!-- \/ Yoast SEO plugin. -->","yoast_head_json":{"title":"Number cake - FAVRELIERE SYLVAIN P\u00e2tissier79","robots":{"index":"index","follow":"follow","max-snippet":"max-snippet:-1","max-image-preview":"max-image-preview:large","max-video-preview":"max-video-preview:-1"},"canonical":"https:\/\/www.patissier79.fr\/index.php\/produit\/nos-number-cake-gateau-en-forme-du-chiffre-de-votre-choix\/","og_locale":"fr_FR","og_type":"article","og_title":"Number cake - FAVRELIERE SYLVAIN P\u00e2tissier79","og_description":"Envie de marquer les esprits pour un anniversaire ou une occasion sp\u00e9ciale ? D\u00e9couvrez notre collection unique de g\u00e2teaux en forme de chiffres, appel\u00e9s Number Cakes, r\u00e9alis\u00e9 sur mesure dans notre atelier \u00e0 Largeasse. Nous travaillons uniquement avec des produits frais et savoureux : une base de sabl\u00e9 Breton, une ganache mont\u00e9e l\u00e9g\u00e8re et parfum\u00e9e,&hellip; Lire la suite","og_url":"https:\/\/www.patissier79.fr\/index.php\/produit\/nos-number-cake-gateau-en-forme-du-chiffre-de-votre-choix\/","og_site_name":"FAVRELIERE SYLVAIN P\u00e2tissier79","article_modified_time":"2026-02-18T16:52:01+00:00","og_image":[{"width":2097,"height":2560,"url":"https:\/\/www.patissier79.fr\/wp-content\/uploads\/2025\/08\/number-cake-sylvain-favreliere-scaled.jpg","type":"image\/jpeg"}],"twitter_card":"summary_large_image","twitter_misc":{"Dur\u00e9e de lecture estim\u00e9e":"1 minute"},"schema":{"@context":"https:\/\/schema.org","@graph":[{"@type":"WebPage","@id":"https:\/\/www.patissier79.fr\/index.php\/produit\/nos-number-cake-gateau-en-forme-du-chiffre-de-votre-choix\/","url":"https:\/\/www.patissier79.fr\/index.php\/produit\/nos-number-cake-gateau-en-forme-du-chiffre-de-votre-choix\/","name":"Number cake - FAVRELIERE SYLVAIN P\u00e2tissier79","isPartOf":{"@id":"https:\/\/www.patissier79.fr\/#website"},"primaryImageOfPage":{"@id":"https:\/\/www.patissier79.fr\/index.php\/produit\/nos-number-cake-gateau-en-forme-du-chiffre-de-votre-choix\/#primaryimage"},"image":{"@id":"https:\/\/www.patissier79.fr\/index.php\/produit\/nos-number-cake-gateau-en-forme-du-chiffre-de-votre-choix\/#primaryimage"},"thumbnailUrl":"https:\/\/www.patissier79.fr\/wp-content\/uploads\/2025\/08\/number-cake-sylvain-favreliere-scaled.jpg","datePublished":"2025-08-05T20:36:05+00:00","dateModified":"2026-02-18T16:52:01+00:00","breadcrumb":{"@id":"https:\/\/www.patissier79.fr\/index.php\/produit\/nos-number-cake-gateau-en-forme-du-chiffre-de-votre-choix\/#breadcrumb"},"inLanguage":"fr-FR","potentialAction":[{"@type":"ReadAction","target":["https:\/\/www.patissier79.fr\/index.php\/produit\/nos-number-cake-gateau-en-forme-du-chiffre-de-votre-choix\/"]}]},{"@type":"ImageObject","inLanguage":"fr-FR","@id":"https:\/\/www.patissier79.fr\/index.php\/produit\/nos-number-cake-gateau-en-forme-du-chiffre-de-votre-choix\/#primaryimage","url":"https:\/\/www.patissier79.fr\/wp-content\/uploads\/2025\/08\/number-cake-sylvain-favreliere-scaled.jpg","contentUrl":"https:\/\/www.patissier79.fr\/wp-content\/uploads\/2025\/08\/number-cake-sylvain-favreliere-scaled.jpg","width":2097,"height":2560},{"@type":"BreadcrumbList","@id":"https:\/\/www.patissier79.fr\/index.php\/produit\/nos-number-cake-gateau-en-forme-du-chiffre-de-votre-choix\/#breadcrumb","itemListElement":[{"@type":"ListItem","position":1,"name":"Accueil","item":"https:\/\/www.patissier79.fr\/"},{"@type":"ListItem","position":2,"name":"boutique","item":"https:\/\/www.patissier79.fr\/index.php\/boutique\/"},{"@type":"ListItem","position":3,"name":"Number cake"}]},{"@type":"WebSite","@id":"https:\/\/www.patissier79.fr\/#website","url":"https:\/\/www.patissier79.fr\/","name":"www.patissier79.fr","description":"La qualit\u00e9 au centre de nos priorit\u00e9s","publisher":{"@id":"https:\/\/www.patissier79.fr\/#organization"},"potentialAction":[{"@type":"SearchAction","target":{"@type":"EntryPoint","urlTemplate":"https:\/\/www.patissier79.fr\/?s={search_term_string}"},"query-input":{"@type":"PropertyValueSpecification","valueRequired":true,"valueName":"search_term_string"}}],"inLanguage":"fr-FR"},{"@type":"Organization","@id":"https:\/\/www.patissier79.fr\/#organization","name":"www.patissier79.fr","url":"https:\/\/www.patissier79.fr\/","logo":{"@type":"ImageObject","inLanguage":"fr-FR","@id":"https:\/\/www.patissier79.fr\/#\/schema\/logo\/image\/","url":"https:\/\/www.patissier79.fr\/wp-content\/uploads\/2023\/04\/cropped-cropped-Favreliere-sylvain-patissier-logo-deux-sevres-2-e1680699364315.png","contentUrl":"https:\/\/www.patissier79.fr\/wp-content\/uploads\/2023\/04\/cropped-cropped-Favreliere-sylvain-patissier-logo-deux-sevres-2-e1680699364315.png","width":89,"height":89,"caption":"www.patissier79.fr"},"image":{"@id":"https:\/\/www.patissier79.fr\/#\/schema\/logo\/image\/"}}]}},"jetpack_sharing_enabled":true,"_links":{"self":[{"href":"https:\/\/www.patissier79.fr\/index.php\/wp-json\/wp\/v2\/product\/688","targetHints":{"allow":["GET"]}}],"collection":[{"href":"https:\/\/www.patissier79.fr\/index.php\/wp-json\/wp\/v2\/product"}],"about":[{"href":"https:\/\/www.patissier79.fr\/index.php\/wp-json\/wp\/v2\/types\/product"}],"wp:featuredmedia":[{"embeddable":true,"href":"https:\/\/www.patissier79.fr\/index.php\/wp-json\/wp\/v2\/media\/790"}],"wp:attachment":[{"href":"https:\/\/www.patissier79.fr\/index.php\/wp-json\/wp\/v2\/media?parent=688"}],"wp:term":[{"taxonomy":"product_brand","embeddable":true,"href":"https:\/\/www.patissier79.fr\/index.php\/wp-json\/wp\/v2\/product_brand?post=688"},{"taxonomy":"product_cat","embeddable":true,"href":"https:\/\/www.patissier79.fr\/index.php\/wp-json\/wp\/v2\/product_cat?post=688"},{"taxonomy":"product_tag","embeddable":true,"href":"https:\/\/www.patissier79.fr\/index.php\/wp-json\/wp\/v2\/product_tag?post=688"}],"curies":[{"name":"wp","href":"https:\/\/api.w.org\/{rel}","templated":true}]}}