{"id":724,"date":"2025-08-06T00:19:13","date_gmt":"2025-08-05T22:19:13","guid":{"rendered":"https:\/\/www.patissier79.fr\/?post_type=product&#038;p=724"},"modified":"2026-02-20T19:56:21","modified_gmt":"2026-02-20T18:56:21","slug":"weeding-cake","status":"publish","type":"product","link":"https:\/\/www.patissier79.fr\/index.php\/produit\/weeding-cake\/","title":{"rendered":"wedding cake"},"content":{"rendered":"<p>Offrez \u00e0 votre mariage un g\u00e2teau unique et \u00e9l\u00e9gant, con\u00e7u sp\u00e9cialement pour vous.<br \/>\nNos wedding cake sont r\u00e9alis\u00e9s \u00e0 la main avec des ingr\u00e9dients de qualit\u00e9 et un design raffin\u00e9, en harmonie avec votre th\u00e8me et vos envies. <\/p>\n<p>Nos tarifs sont d\u00e9gr\u00e9ssifs : plus vous commandez de parts, moins chaque part vous co\u00fbte !<\/p>\n<p>Un devis personalis\u00e9 est recommand\u00e9 pour cr\u00e9er un g\u00e2teau de mariage \u00e0 votre image.<br \/>\nContactez nous d\u00e8s \u00e0 pr\u00e9sent au 07.82.46.50.61 ou par mail sylvain.favreliere@gmail.com afin d&rsquo;\u00e9changer ensemble sur vos attentes, vos go\u00fbts, l&rsquo;ambiance de votre r\u00e9ception. <\/p>\n","protected":false},"excerpt":{"rendered":"<p>Offrez \u00e0 votre mariage un g\u00e2teau unique et \u00e9l\u00e9gant, con\u00e7u sp\u00e9cialement pour vous. Nos wedding cake sont r\u00e9alis\u00e9s \u00e0 la main avec des ingr\u00e9dients de qualit\u00e9 et un design raffin\u00e9, en harmonie avec votre th\u00e8me et vos envies. Nos tarifs sont d\u00e9gr\u00e9ssifs : plus vous commandez de parts, moins chaque part vous co\u00fbte ! Un&hellip; <br \/> <a class=\"read-more\" href=\"https:\/\/www.patissier79.fr\/index.php\/produit\/weeding-cake\/\">Lire la suite<\/a><\/p>\n","protected":false},"featured_media":723,"template":"","meta":[],"product_brand":[],"product_cat":[34,33],"product_tag":[],"class_list":{"0":"post-724","1":"product","2":"type-product","3":"status-publish","4":"has-post-thumbnail","6":"product_cat-nos-gateaux-devenements","7":"product_cat-nos-entremets-et-patisseries-du-moment","8":"product_shipping_class-produit-fragile","10":"first","11":"instock","12":"taxable","13":"shipping-taxable","14":"purchasable","15":"product-type-variable","16":"has-default-attributes"},"yoast_head":"<!-- This site is optimized with the Yoast SEO plugin v25.5 - https:\/\/yoast.com\/wordpress\/plugins\/seo\/ -->\n<title>wedding cake - FAVRELIERE SYLVAIN P\u00e2tissier79<\/title>\n<meta name=\"robots\" content=\"index, follow, max-snippet:-1, max-image-preview:large, max-video-preview:-1\" \/>\n<link rel=\"canonical\" href=\"https:\/\/www.patissier79.fr\/index.php\/produit\/weeding-cake\/\" \/>\n<meta property=\"og:locale\" content=\"fr_FR\" \/>\n<meta property=\"og:type\" content=\"article\" \/>\n<meta property=\"og:title\" content=\"wedding cake - FAVRELIERE SYLVAIN P\u00e2tissier79\" \/>\n<meta property=\"og:description\" content=\"Offrez \u00e0 votre mariage un g\u00e2teau unique et \u00e9l\u00e9gant, con\u00e7u sp\u00e9cialement pour vous. Nos wedding cake sont r\u00e9alis\u00e9s \u00e0 la main avec des ingr\u00e9dients de qualit\u00e9 et un design raffin\u00e9, en harmonie avec votre th\u00e8me et vos envies. Nos tarifs sont d\u00e9gr\u00e9ssifs : plus vous commandez de parts, moins chaque part vous co\u00fbte ! Un&hellip; Lire la suite\" \/>\n<meta property=\"og:url\" content=\"https:\/\/www.patissier79.fr\/index.php\/produit\/weeding-cake\/\" \/>\n<meta property=\"og:site_name\" content=\"FAVRELIERE SYLVAIN P\u00e2tissier79\" \/>\n<meta property=\"article:modified_time\" content=\"2026-02-20T18:56:21+00:00\" \/>\n<meta property=\"og:image\" content=\"https:\/\/www.patissier79.fr\/wp-content\/uploads\/2025\/08\/cake-design-mariage-favreliere-sylvain.jpg\" \/>\n\t<meta property=\"og:image:width\" content=\"695\" \/>\n\t<meta property=\"og:image:height\" content=\"1095\" \/>\n\t<meta property=\"og:image:type\" content=\"image\/jpeg\" \/>\n<meta name=\"twitter:card\" content=\"summary_large_image\" \/>\n<meta name=\"twitter:label1\" content=\"Dur\u00e9e de lecture estim\u00e9e\" \/>\n\t<meta name=\"twitter:data1\" content=\"1 minute\" \/>\n<script type=\"application\/ld+json\" class=\"yoast-schema-graph\">{\"@context\":\"https:\/\/schema.org\",\"@graph\":[{\"@type\":\"WebPage\",\"@id\":\"https:\/\/www.patissier79.fr\/index.php\/produit\/weeding-cake\/\",\"url\":\"https:\/\/www.patissier79.fr\/index.php\/produit\/weeding-cake\/\",\"name\":\"wedding cake - FAVRELIERE SYLVAIN P\u00e2tissier79\",\"isPartOf\":{\"@id\":\"https:\/\/www.patissier79.fr\/#website\"},\"primaryImageOfPage\":{\"@id\":\"https:\/\/www.patissier79.fr\/index.php\/produit\/weeding-cake\/#primaryimage\"},\"image\":{\"@id\":\"https:\/\/www.patissier79.fr\/index.php\/produit\/weeding-cake\/#primaryimage\"},\"thumbnailUrl\":\"https:\/\/www.patissier79.fr\/wp-content\/uploads\/2025\/08\/cake-design-mariage-favreliere-sylvain.jpg\",\"datePublished\":\"2025-08-05T22:19:13+00:00\",\"dateModified\":\"2026-02-20T18:56:21+00:00\",\"breadcrumb\":{\"@id\":\"https:\/\/www.patissier79.fr\/index.php\/produit\/weeding-cake\/#breadcrumb\"},\"inLanguage\":\"fr-FR\",\"potentialAction\":[{\"@type\":\"ReadAction\",\"target\":[\"https:\/\/www.patissier79.fr\/index.php\/produit\/weeding-cake\/\"]}]},{\"@type\":\"ImageObject\",\"inLanguage\":\"fr-FR\",\"@id\":\"https:\/\/www.patissier79.fr\/index.php\/produit\/weeding-cake\/#primaryimage\",\"url\":\"https:\/\/www.patissier79.fr\/wp-content\/uploads\/2025\/08\/cake-design-mariage-favreliere-sylvain.jpg\",\"contentUrl\":\"https:\/\/www.patissier79.fr\/wp-content\/uploads\/2025\/08\/cake-design-mariage-favreliere-sylvain.jpg\",\"width\":695,\"height\":1095},{\"@type\":\"BreadcrumbList\",\"@id\":\"https:\/\/www.patissier79.fr\/index.php\/produit\/weeding-cake\/#breadcrumb\",\"itemListElement\":[{\"@type\":\"ListItem\",\"position\":1,\"name\":\"Accueil\",\"item\":\"https:\/\/www.patissier79.fr\/\"},{\"@type\":\"ListItem\",\"position\":2,\"name\":\"boutique\",\"item\":\"https:\/\/www.patissier79.fr\/index.php\/boutique\/\"},{\"@type\":\"ListItem\",\"position\":3,\"name\":\"wedding cake\"}]},{\"@type\":\"WebSite\",\"@id\":\"https:\/\/www.patissier79.fr\/#website\",\"url\":\"https:\/\/www.patissier79.fr\/\",\"name\":\"www.patissier79.fr\",\"description\":\"La qualit\u00e9 au centre de nos priorit\u00e9s\",\"publisher\":{\"@id\":\"https:\/\/www.patissier79.fr\/#organization\"},\"potentialAction\":[{\"@type\":\"SearchAction\",\"target\":{\"@type\":\"EntryPoint\",\"urlTemplate\":\"https:\/\/www.patissier79.fr\/?s={search_term_string}\"},\"query-input\":{\"@type\":\"PropertyValueSpecification\",\"valueRequired\":true,\"valueName\":\"search_term_string\"}}],\"inLanguage\":\"fr-FR\"},{\"@type\":\"Organization\",\"@id\":\"https:\/\/www.patissier79.fr\/#organization\",\"name\":\"www.patissier79.fr\",\"url\":\"https:\/\/www.patissier79.fr\/\",\"logo\":{\"@type\":\"ImageObject\",\"inLanguage\":\"fr-FR\",\"@id\":\"https:\/\/www.patissier79.fr\/#\/schema\/logo\/image\/\",\"url\":\"https:\/\/www.patissier79.fr\/wp-content\/uploads\/2023\/04\/cropped-cropped-Favreliere-sylvain-patissier-logo-deux-sevres-2-e1680699364315.png\",\"contentUrl\":\"https:\/\/www.patissier79.fr\/wp-content\/uploads\/2023\/04\/cropped-cropped-Favreliere-sylvain-patissier-logo-deux-sevres-2-e1680699364315.png\",\"width\":89,\"height\":89,\"caption\":\"www.patissier79.fr\"},\"image\":{\"@id\":\"https:\/\/www.patissier79.fr\/#\/schema\/logo\/image\/\"}}]}<\/script>\n<!-- \/ Yoast SEO plugin. -->","yoast_head_json":{"title":"wedding cake - FAVRELIERE SYLVAIN P\u00e2tissier79","robots":{"index":"index","follow":"follow","max-snippet":"max-snippet:-1","max-image-preview":"max-image-preview:large","max-video-preview":"max-video-preview:-1"},"canonical":"https:\/\/www.patissier79.fr\/index.php\/produit\/weeding-cake\/","og_locale":"fr_FR","og_type":"article","og_title":"wedding cake - FAVRELIERE SYLVAIN P\u00e2tissier79","og_description":"Offrez \u00e0 votre mariage un g\u00e2teau unique et \u00e9l\u00e9gant, con\u00e7u sp\u00e9cialement pour vous. Nos wedding cake sont r\u00e9alis\u00e9s \u00e0 la main avec des ingr\u00e9dients de qualit\u00e9 et un design raffin\u00e9, en harmonie avec votre th\u00e8me et vos envies. Nos tarifs sont d\u00e9gr\u00e9ssifs : plus vous commandez de parts, moins chaque part vous co\u00fbte ! Un&hellip; Lire la suite","og_url":"https:\/\/www.patissier79.fr\/index.php\/produit\/weeding-cake\/","og_site_name":"FAVRELIERE SYLVAIN P\u00e2tissier79","article_modified_time":"2026-02-20T18:56:21+00:00","og_image":[{"width":695,"height":1095,"url":"https:\/\/www.patissier79.fr\/wp-content\/uploads\/2025\/08\/cake-design-mariage-favreliere-sylvain.jpg","type":"image\/jpeg"}],"twitter_card":"summary_large_image","twitter_misc":{"Dur\u00e9e de lecture estim\u00e9e":"1 minute"},"schema":{"@context":"https:\/\/schema.org","@graph":[{"@type":"WebPage","@id":"https:\/\/www.patissier79.fr\/index.php\/produit\/weeding-cake\/","url":"https:\/\/www.patissier79.fr\/index.php\/produit\/weeding-cake\/","name":"wedding cake - FAVRELIERE SYLVAIN P\u00e2tissier79","isPartOf":{"@id":"https:\/\/www.patissier79.fr\/#website"},"primaryImageOfPage":{"@id":"https:\/\/www.patissier79.fr\/index.php\/produit\/weeding-cake\/#primaryimage"},"image":{"@id":"https:\/\/www.patissier79.fr\/index.php\/produit\/weeding-cake\/#primaryimage"},"thumbnailUrl":"https:\/\/www.patissier79.fr\/wp-content\/uploads\/2025\/08\/cake-design-mariage-favreliere-sylvain.jpg","datePublished":"2025-08-05T22:19:13+00:00","dateModified":"2026-02-20T18:56:21+00:00","breadcrumb":{"@id":"https:\/\/www.patissier79.fr\/index.php\/produit\/weeding-cake\/#breadcrumb"},"inLanguage":"fr-FR","potentialAction":[{"@type":"ReadAction","target":["https:\/\/www.patissier79.fr\/index.php\/produit\/weeding-cake\/"]}]},{"@type":"ImageObject","inLanguage":"fr-FR","@id":"https:\/\/www.patissier79.fr\/index.php\/produit\/weeding-cake\/#primaryimage","url":"https:\/\/www.patissier79.fr\/wp-content\/uploads\/2025\/08\/cake-design-mariage-favreliere-sylvain.jpg","contentUrl":"https:\/\/www.patissier79.fr\/wp-content\/uploads\/2025\/08\/cake-design-mariage-favreliere-sylvain.jpg","width":695,"height":1095},{"@type":"BreadcrumbList","@id":"https:\/\/www.patissier79.fr\/index.php\/produit\/weeding-cake\/#breadcrumb","itemListElement":[{"@type":"ListItem","position":1,"name":"Accueil","item":"https:\/\/www.patissier79.fr\/"},{"@type":"ListItem","position":2,"name":"boutique","item":"https:\/\/www.patissier79.fr\/index.php\/boutique\/"},{"@type":"ListItem","position":3,"name":"wedding cake"}]},{"@type":"WebSite","@id":"https:\/\/www.patissier79.fr\/#website","url":"https:\/\/www.patissier79.fr\/","name":"www.patissier79.fr","description":"La qualit\u00e9 au centre de nos priorit\u00e9s","publisher":{"@id":"https:\/\/www.patissier79.fr\/#organization"},"potentialAction":[{"@type":"SearchAction","target":{"@type":"EntryPoint","urlTemplate":"https:\/\/www.patissier79.fr\/?s={search_term_string}"},"query-input":{"@type":"PropertyValueSpecification","valueRequired":true,"valueName":"search_term_string"}}],"inLanguage":"fr-FR"},{"@type":"Organization","@id":"https:\/\/www.patissier79.fr\/#organization","name":"www.patissier79.fr","url":"https:\/\/www.patissier79.fr\/","logo":{"@type":"ImageObject","inLanguage":"fr-FR","@id":"https:\/\/www.patissier79.fr\/#\/schema\/logo\/image\/","url":"https:\/\/www.patissier79.fr\/wp-content\/uploads\/2023\/04\/cropped-cropped-Favreliere-sylvain-patissier-logo-deux-sevres-2-e1680699364315.png","contentUrl":"https:\/\/www.patissier79.fr\/wp-content\/uploads\/2023\/04\/cropped-cropped-Favreliere-sylvain-patissier-logo-deux-sevres-2-e1680699364315.png","width":89,"height":89,"caption":"www.patissier79.fr"},"image":{"@id":"https:\/\/www.patissier79.fr\/#\/schema\/logo\/image\/"}}]}},"jetpack_sharing_enabled":true,"_links":{"self":[{"href":"https:\/\/www.patissier79.fr\/index.php\/wp-json\/wp\/v2\/product\/724","targetHints":{"allow":["GET"]}}],"collection":[{"href":"https:\/\/www.patissier79.fr\/index.php\/wp-json\/wp\/v2\/product"}],"about":[{"href":"https:\/\/www.patissier79.fr\/index.php\/wp-json\/wp\/v2\/types\/product"}],"wp:featuredmedia":[{"embeddable":true,"href":"https:\/\/www.patissier79.fr\/index.php\/wp-json\/wp\/v2\/media\/723"}],"wp:attachment":[{"href":"https:\/\/www.patissier79.fr\/index.php\/wp-json\/wp\/v2\/media?parent=724"}],"wp:term":[{"taxonomy":"product_brand","embeddable":true,"href":"https:\/\/www.patissier79.fr\/index.php\/wp-json\/wp\/v2\/product_brand?post=724"},{"taxonomy":"product_cat","embeddable":true,"href":"https:\/\/www.patissier79.fr\/index.php\/wp-json\/wp\/v2\/product_cat?post=724"},{"taxonomy":"product_tag","embeddable":true,"href":"https:\/\/www.patissier79.fr\/index.php\/wp-json\/wp\/v2\/product_tag?post=724"}],"curies":[{"name":"wp","href":"https:\/\/api.w.org\/{rel}","templated":true}]}}