{"id":824,"date":"2025-08-17T11:22:16","date_gmt":"2025-08-17T09:22:16","guid":{"rendered":"https:\/\/www.patissier79.fr\/?post_type=product&#038;p=824"},"modified":"2026-02-18T17:37:44","modified_gmt":"2026-02-18T16:37:44","slug":"la-foret-noire","status":"publish","type":"product","link":"https:\/\/www.patissier79.fr\/index.php\/produit\/la-foret-noire\/","title":{"rendered":"La for\u00eat noire"},"content":{"rendered":"<p>Notre for\u00eat noire \u00e0 notre fa\u00e7on, avec son biscuit ultra gourmand, ses fines couches de chocolat croquantes, sa mousse onctueuse au chocolat, sa chantilly vanille et pour terminer sa compot\u00e9e de griotte. Un d\u00e9lice <\/p>\n","protected":false},"excerpt":{"rendered":"<p>Notre for\u00eat noire \u00e0 notre fa\u00e7on, avec son biscuit ultra gourmand, ses fines couches de chocolat croquantes, sa mousse onctueuse au chocolat, sa chantilly vanille et pour terminer sa compot\u00e9e de griotte. Un d\u00e9lice<\/p>\n","protected":false},"featured_media":823,"template":"","meta":[],"product_brand":[],"product_cat":[33],"product_tag":[],"class_list":{"0":"post-824","1":"product","2":"type-product","3":"status-publish","4":"has-post-thumbnail","6":"product_cat-nos-entremets-et-patisseries-du-moment","7":"product_shipping_class-produit-fragile","9":"first","10":"instock","11":"taxable","12":"shipping-taxable","13":"purchasable","14":"product-type-variable"},"yoast_head":"<!-- This site is optimized with the Yoast SEO plugin v25.5 - https:\/\/yoast.com\/wordpress\/plugins\/seo\/ -->\n<title>La for\u00eat noire - FAVRELIERE SYLVAIN P\u00e2tissier79<\/title>\n<meta name=\"robots\" content=\"index, follow, max-snippet:-1, max-image-preview:large, max-video-preview:-1\" \/>\n<link rel=\"canonical\" href=\"https:\/\/www.patissier79.fr\/index.php\/produit\/la-foret-noire\/\" \/>\n<meta property=\"og:locale\" content=\"fr_FR\" \/>\n<meta property=\"og:type\" content=\"article\" \/>\n<meta property=\"og:title\" content=\"La for\u00eat noire - FAVRELIERE SYLVAIN P\u00e2tissier79\" \/>\n<meta property=\"og:description\" content=\"Notre for\u00eat noire \u00e0 notre fa\u00e7on, avec son biscuit ultra gourmand, ses fines couches de chocolat croquantes, sa mousse onctueuse au chocolat, sa chantilly vanille et pour terminer sa compot\u00e9e de griotte. Un d\u00e9lice\" \/>\n<meta property=\"og:url\" content=\"https:\/\/www.patissier79.fr\/index.php\/produit\/la-foret-noire\/\" \/>\n<meta property=\"og:site_name\" content=\"FAVRELIERE SYLVAIN P\u00e2tissier79\" \/>\n<meta property=\"article:modified_time\" content=\"2026-02-18T16:37:44+00:00\" \/>\n<meta property=\"og:image\" content=\"https:\/\/www.patissier79.fr\/wp-content\/uploads\/2025\/08\/foret-noire-sylvain-favrelere-scaled-e1755422644898.jpg\" \/>\n\t<meta property=\"og:image:width\" content=\"1937\" \/>\n\t<meta property=\"og:image:height\" content=\"1536\" \/>\n\t<meta property=\"og:image:type\" content=\"image\/jpeg\" \/>\n<meta name=\"twitter:card\" content=\"summary_large_image\" \/>\n<meta name=\"twitter:label1\" content=\"Dur\u00e9e de lecture estim\u00e9e\" \/>\n\t<meta name=\"twitter:data1\" content=\"1 minute\" \/>\n<script type=\"application\/ld+json\" class=\"yoast-schema-graph\">{\"@context\":\"https:\/\/schema.org\",\"@graph\":[{\"@type\":\"WebPage\",\"@id\":\"https:\/\/www.patissier79.fr\/index.php\/produit\/la-foret-noire\/\",\"url\":\"https:\/\/www.patissier79.fr\/index.php\/produit\/la-foret-noire\/\",\"name\":\"La for\u00eat noire - FAVRELIERE SYLVAIN P\u00e2tissier79\",\"isPartOf\":{\"@id\":\"https:\/\/www.patissier79.fr\/#website\"},\"primaryImageOfPage\":{\"@id\":\"https:\/\/www.patissier79.fr\/index.php\/produit\/la-foret-noire\/#primaryimage\"},\"image\":{\"@id\":\"https:\/\/www.patissier79.fr\/index.php\/produit\/la-foret-noire\/#primaryimage\"},\"thumbnailUrl\":\"https:\/\/www.patissier79.fr\/wp-content\/uploads\/2025\/08\/foret-noire-sylvain-favrelere-scaled-e1755422644898.jpg\",\"datePublished\":\"2025-08-17T09:22:16+00:00\",\"dateModified\":\"2026-02-18T16:37:44+00:00\",\"breadcrumb\":{\"@id\":\"https:\/\/www.patissier79.fr\/index.php\/produit\/la-foret-noire\/#breadcrumb\"},\"inLanguage\":\"fr-FR\",\"potentialAction\":[{\"@type\":\"ReadAction\",\"target\":[\"https:\/\/www.patissier79.fr\/index.php\/produit\/la-foret-noire\/\"]}]},{\"@type\":\"ImageObject\",\"inLanguage\":\"fr-FR\",\"@id\":\"https:\/\/www.patissier79.fr\/index.php\/produit\/la-foret-noire\/#primaryimage\",\"url\":\"https:\/\/www.patissier79.fr\/wp-content\/uploads\/2025\/08\/foret-noire-sylvain-favrelere-scaled-e1755422644898.jpg\",\"contentUrl\":\"https:\/\/www.patissier79.fr\/wp-content\/uploads\/2025\/08\/foret-noire-sylvain-favrelere-scaled-e1755422644898.jpg\",\"width\":1937,\"height\":1536},{\"@type\":\"BreadcrumbList\",\"@id\":\"https:\/\/www.patissier79.fr\/index.php\/produit\/la-foret-noire\/#breadcrumb\",\"itemListElement\":[{\"@type\":\"ListItem\",\"position\":1,\"name\":\"Accueil\",\"item\":\"https:\/\/www.patissier79.fr\/\"},{\"@type\":\"ListItem\",\"position\":2,\"name\":\"boutique\",\"item\":\"https:\/\/www.patissier79.fr\/index.php\/boutique\/\"},{\"@type\":\"ListItem\",\"position\":3,\"name\":\"La for\u00eat noire\"}]},{\"@type\":\"WebSite\",\"@id\":\"https:\/\/www.patissier79.fr\/#website\",\"url\":\"https:\/\/www.patissier79.fr\/\",\"name\":\"www.patissier79.fr\",\"description\":\"La qualit\u00e9 au centre de nos priorit\u00e9s\",\"publisher\":{\"@id\":\"https:\/\/www.patissier79.fr\/#organization\"},\"potentialAction\":[{\"@type\":\"SearchAction\",\"target\":{\"@type\":\"EntryPoint\",\"urlTemplate\":\"https:\/\/www.patissier79.fr\/?s={search_term_string}\"},\"query-input\":{\"@type\":\"PropertyValueSpecification\",\"valueRequired\":true,\"valueName\":\"search_term_string\"}}],\"inLanguage\":\"fr-FR\"},{\"@type\":\"Organization\",\"@id\":\"https:\/\/www.patissier79.fr\/#organization\",\"name\":\"www.patissier79.fr\",\"url\":\"https:\/\/www.patissier79.fr\/\",\"logo\":{\"@type\":\"ImageObject\",\"inLanguage\":\"fr-FR\",\"@id\":\"https:\/\/www.patissier79.fr\/#\/schema\/logo\/image\/\",\"url\":\"https:\/\/www.patissier79.fr\/wp-content\/uploads\/2023\/04\/cropped-cropped-Favreliere-sylvain-patissier-logo-deux-sevres-2-e1680699364315.png\",\"contentUrl\":\"https:\/\/www.patissier79.fr\/wp-content\/uploads\/2023\/04\/cropped-cropped-Favreliere-sylvain-patissier-logo-deux-sevres-2-e1680699364315.png\",\"width\":89,\"height\":89,\"caption\":\"www.patissier79.fr\"},\"image\":{\"@id\":\"https:\/\/www.patissier79.fr\/#\/schema\/logo\/image\/\"}}]}<\/script>\n<!-- \/ Yoast SEO plugin. -->","yoast_head_json":{"title":"La for\u00eat noire - FAVRELIERE SYLVAIN P\u00e2tissier79","robots":{"index":"index","follow":"follow","max-snippet":"max-snippet:-1","max-image-preview":"max-image-preview:large","max-video-preview":"max-video-preview:-1"},"canonical":"https:\/\/www.patissier79.fr\/index.php\/produit\/la-foret-noire\/","og_locale":"fr_FR","og_type":"article","og_title":"La for\u00eat noire - FAVRELIERE SYLVAIN P\u00e2tissier79","og_description":"Notre for\u00eat noire \u00e0 notre fa\u00e7on, avec son biscuit ultra gourmand, ses fines couches de chocolat croquantes, sa mousse onctueuse au chocolat, sa chantilly vanille et pour terminer sa compot\u00e9e de griotte. Un d\u00e9lice","og_url":"https:\/\/www.patissier79.fr\/index.php\/produit\/la-foret-noire\/","og_site_name":"FAVRELIERE SYLVAIN P\u00e2tissier79","article_modified_time":"2026-02-18T16:37:44+00:00","og_image":[{"width":1937,"height":1536,"url":"https:\/\/www.patissier79.fr\/wp-content\/uploads\/2025\/08\/foret-noire-sylvain-favrelere-scaled-e1755422644898.jpg","type":"image\/jpeg"}],"twitter_card":"summary_large_image","twitter_misc":{"Dur\u00e9e de lecture estim\u00e9e":"1 minute"},"schema":{"@context":"https:\/\/schema.org","@graph":[{"@type":"WebPage","@id":"https:\/\/www.patissier79.fr\/index.php\/produit\/la-foret-noire\/","url":"https:\/\/www.patissier79.fr\/index.php\/produit\/la-foret-noire\/","name":"La for\u00eat noire - FAVRELIERE SYLVAIN P\u00e2tissier79","isPartOf":{"@id":"https:\/\/www.patissier79.fr\/#website"},"primaryImageOfPage":{"@id":"https:\/\/www.patissier79.fr\/index.php\/produit\/la-foret-noire\/#primaryimage"},"image":{"@id":"https:\/\/www.patissier79.fr\/index.php\/produit\/la-foret-noire\/#primaryimage"},"thumbnailUrl":"https:\/\/www.patissier79.fr\/wp-content\/uploads\/2025\/08\/foret-noire-sylvain-favrelere-scaled-e1755422644898.jpg","datePublished":"2025-08-17T09:22:16+00:00","dateModified":"2026-02-18T16:37:44+00:00","breadcrumb":{"@id":"https:\/\/www.patissier79.fr\/index.php\/produit\/la-foret-noire\/#breadcrumb"},"inLanguage":"fr-FR","potentialAction":[{"@type":"ReadAction","target":["https:\/\/www.patissier79.fr\/index.php\/produit\/la-foret-noire\/"]}]},{"@type":"ImageObject","inLanguage":"fr-FR","@id":"https:\/\/www.patissier79.fr\/index.php\/produit\/la-foret-noire\/#primaryimage","url":"https:\/\/www.patissier79.fr\/wp-content\/uploads\/2025\/08\/foret-noire-sylvain-favrelere-scaled-e1755422644898.jpg","contentUrl":"https:\/\/www.patissier79.fr\/wp-content\/uploads\/2025\/08\/foret-noire-sylvain-favrelere-scaled-e1755422644898.jpg","width":1937,"height":1536},{"@type":"BreadcrumbList","@id":"https:\/\/www.patissier79.fr\/index.php\/produit\/la-foret-noire\/#breadcrumb","itemListElement":[{"@type":"ListItem","position":1,"name":"Accueil","item":"https:\/\/www.patissier79.fr\/"},{"@type":"ListItem","position":2,"name":"boutique","item":"https:\/\/www.patissier79.fr\/index.php\/boutique\/"},{"@type":"ListItem","position":3,"name":"La for\u00eat noire"}]},{"@type":"WebSite","@id":"https:\/\/www.patissier79.fr\/#website","url":"https:\/\/www.patissier79.fr\/","name":"www.patissier79.fr","description":"La qualit\u00e9 au centre de nos priorit\u00e9s","publisher":{"@id":"https:\/\/www.patissier79.fr\/#organization"},"potentialAction":[{"@type":"SearchAction","target":{"@type":"EntryPoint","urlTemplate":"https:\/\/www.patissier79.fr\/?s={search_term_string}"},"query-input":{"@type":"PropertyValueSpecification","valueRequired":true,"valueName":"search_term_string"}}],"inLanguage":"fr-FR"},{"@type":"Organization","@id":"https:\/\/www.patissier79.fr\/#organization","name":"www.patissier79.fr","url":"https:\/\/www.patissier79.fr\/","logo":{"@type":"ImageObject","inLanguage":"fr-FR","@id":"https:\/\/www.patissier79.fr\/#\/schema\/logo\/image\/","url":"https:\/\/www.patissier79.fr\/wp-content\/uploads\/2023\/04\/cropped-cropped-Favreliere-sylvain-patissier-logo-deux-sevres-2-e1680699364315.png","contentUrl":"https:\/\/www.patissier79.fr\/wp-content\/uploads\/2023\/04\/cropped-cropped-Favreliere-sylvain-patissier-logo-deux-sevres-2-e1680699364315.png","width":89,"height":89,"caption":"www.patissier79.fr"},"image":{"@id":"https:\/\/www.patissier79.fr\/#\/schema\/logo\/image\/"}}]}},"jetpack_sharing_enabled":true,"_links":{"self":[{"href":"https:\/\/www.patissier79.fr\/index.php\/wp-json\/wp\/v2\/product\/824","targetHints":{"allow":["GET"]}}],"collection":[{"href":"https:\/\/www.patissier79.fr\/index.php\/wp-json\/wp\/v2\/product"}],"about":[{"href":"https:\/\/www.patissier79.fr\/index.php\/wp-json\/wp\/v2\/types\/product"}],"wp:featuredmedia":[{"embeddable":true,"href":"https:\/\/www.patissier79.fr\/index.php\/wp-json\/wp\/v2\/media\/823"}],"wp:attachment":[{"href":"https:\/\/www.patissier79.fr\/index.php\/wp-json\/wp\/v2\/media?parent=824"}],"wp:term":[{"taxonomy":"product_brand","embeddable":true,"href":"https:\/\/www.patissier79.fr\/index.php\/wp-json\/wp\/v2\/product_brand?post=824"},{"taxonomy":"product_cat","embeddable":true,"href":"https:\/\/www.patissier79.fr\/index.php\/wp-json\/wp\/v2\/product_cat?post=824"},{"taxonomy":"product_tag","embeddable":true,"href":"https:\/\/www.patissier79.fr\/index.php\/wp-json\/wp\/v2\/product_tag?post=824"}],"curies":[{"name":"wp","href":"https:\/\/api.w.org\/{rel}","templated":true}]}}